{"id":3,"date":"2022-11-03T18:38:38","date_gmt":"2022-11-03T17:38:38","guid":{"rendered":"http:\/\/bulledeprairie.com\/?page_id=3"},"modified":"2022-11-06T19:35:22","modified_gmt":"2022-11-06T18:35:22","slug":"politique-de-confidentialite","status":"publish","type":"page","link":"https:\/\/bulledeprairie.com\/index.php\/politique-de-confidentialite\/","title":{"rendered":"Politique de confidentialit\u00e9"},"content":{"rendered":"\n<div class=\"wp-block-cover alignfull is-light\" style=\"min-height:191px;aspect-ratio:unset;\"><span aria-hidden=\"true\" class=\"wp-block-cover__background has-background-dim\"><\/span><img loading=\"lazy\" decoding=\"async\" width=\"1920\" height=\"1272\" class=\"wp-block-cover__image-background wp-image-207\" alt=\"\" src=\"https:\/\/bulledeprairie.com\/wp-content\/uploads\/2022\/11\/letter-g70767404c_1920-1.jpg\" data-object-fit=\"cover\" srcset=\"https:\/\/bulledeprairie.com\/wp-content\/uploads\/2022\/11\/letter-g70767404c_1920-1.jpg 1920w, https:\/\/bulledeprairie.com\/wp-content\/uploads\/2022\/11\/letter-g70767404c_1920-1-300x199.jpg 300w, https:\/\/bulledeprairie.com\/wp-content\/uploads\/2022\/11\/letter-g70767404c_1920-1-1024x678.jpg 1024w, https:\/\/bulledeprairie.com\/wp-content\/uploads\/2022\/11\/letter-g70767404c_1920-1-768x509.jpg 768w, https:\/\/bulledeprairie.com\/wp-content\/uploads\/2022\/11\/letter-g70767404c_1920-1-1536x1018.jpg 1536w\" sizes=\"auto, (max-width: 1920px) 100vw, 1920px\" \/><div class=\"wp-block-cover__inner-container is-layout-flow wp-block-cover-is-layout-flow\">\n<h1 class=\"has-text-align-center has-large-font-size wp-block-heading\"><strong>Politique de confidentialit\u00e9<\/strong><\/h1>\n<\/div><\/div>\n\n\n\n<div style=\"height:56px\" aria-hidden=\"true\" class=\"wp-block-spacer\"><\/div>\n\n\n\n<p>La pr\u00e9sente politique de confidentialit\u00e9 a pour but, conform\u00e9ment \u00e0 la l\u00e9gislation en vigueur, de vous informer de la mani\u00e8re dont nous traitons, prot\u00e9geons et conservons les informations que vous nous transmettez sur notre pr\u00e9sent site web ou indirectement par voie postale : Elsa Pailloux 18 rue Dumont d&rsquo;Urville 87100 Limoges<br>\u2022 Nous accordons une vigilance accrue sur le respect de la vie priv\u00e9e des utilisateurs et de ses donn\u00e9es personnelles. A ce titre nous nous engageons \u00e0 respecter scrupuleusement les lois et r\u00e9glementations applicables conform\u00e9ment aux textes : de la loi n\u00b0 78-17 du 6 janvier 1978 relative \u00e0 l\u2019informatique, aux fichiers et aux libert\u00e9s (ciapr\u00e8s la \u201cLoi Informatique et Libert\u00e9\u201d),<br>\u2022 du R\u00e8glement (UE) 2016\/679 du Parlement europ\u00e9en et du Conseil du 27 avril 2016 relatif \u00e0 la protection des personnes physiques \u00e0 l\u2019\u00e9gard du traitement des donn\u00e9es \u00e0 caract\u00e8re personnel et \u00e0 la libre circulation de ces donn\u00e9es (ci-apr\u00e8s le \u201cRGPD\u201d). Nous collectons et traitons des donn\u00e9es personnelles uniquement dans le cadre de notre activit\u00e9 commerciale et pour le suivi du comportement des utilisateurs sur notre pr\u00e9sent site internet en vue de l\u2019analyse de trafic.<br>Notre politique de confidentialit\u00e9 est susceptible d\u2019\u00eatre modifi\u00e9e ou compl\u00e9t\u00e9e \u00e0 tout moment en vue de se conformer aux \u00e9volutions l\u00e9gislatives, r\u00e9glementaires, jurisprudentielles ou technologiques. Cela implique par cons\u00e9quent que l\u2019utilisateur consulte r\u00e9guli\u00e8rement et de mani\u00e8re autonome la pr\u00e9sente politique.<\/p>\n\n\n\n<h2 class=\"wp-block-heading\">Rappel<\/h2>\n\n\n\n<p><strong>Donn\u00e9e personnelle<\/strong> : \u00ab Toute information identifiant directement ou indirectement une personne physique (ex. nom, no d\u2019immatriculation, no de t\u00e9l\u00e9phone, photographie, date de naissance, commune de r\u00e9sidence, empreinte digitale\u2026) \u00bb Source : CNIL https:\/\/www.cnil.fr\/fr\/definition\/donnee-personnelle<br><strong>Traitement de donn\u00e9es \u00e0 caract\u00e8re personnel<\/strong> : \u00ab Toute op\u00e9ration, ou ensemble d\u2019op\u00e9rations, portant sur de telles donn\u00e9es, quel que soit le proc\u00e9d\u00e9 utilis\u00e9 (collecte, enregistrement, organisation, conservation, adaptation, modification, extraction, consultation, utilisation, communication par transmission diffusion ou toute autre forme de mise \u00e0 disposition, rapprochement ou interconnexion, verrouillage, effacement ou destruction, \u2026) \u00bb Source : CNIL https:\/\/www.cnil.fr\/fr\/definition\/traitement-de-donnees-caractere-personnel<br><strong>Cookies et traceurs<\/strong> : \u00ab Sont concern\u00e9s les traceurs d\u00e9pos\u00e9s et lus par exemple lors de la consultation d\u2019un site internet, de la lecture d\u2019un courrier \u00e9lectronique, de l\u2019installation ou de l\u2019utilisation d\u2019un logiciel ou d\u2019une application mobile et ce, quel que soit le type de terminal utilis\u00e9 tels qu\u2019un ordinateur, un Smartphone, une liseuse num\u00e9rique et une console de jeux vid\u00e9os connect\u00e9e \u00e0 Internet \u00bb<\/p>\n\n\n\n<h2 class=\"wp-block-heading\">Qui sommes-nous ?<\/h2>\n\n\n\n<p>L\u2019adresse de notre site Web est : https:\/\/bulledeprairie.com\/. Pour en savoir plus, vous pouvez lire nos pages suivantes :<br>\u2022 A propos<br>\u2022 Mentions l\u00e9gales<\/p>\n\n\n\n<h2 class=\"wp-block-heading\">Utilisation des donn\u00e9es personnelles collect\u00e9es<\/h2>\n\n\n\n<p>Il est tout \u00e0 fait possible pour un internaute de naviguer sur le site web sans donner aucune informations personnelles.<br>Le cas \u00e9ch\u00e9ant, nous pouvons \u00eatre amen\u00e9 \u00e0 vous demander de renseigner diff\u00e9rentes donn\u00e9es personnelles. En fournissant ces informations, vous acceptez que celles-ci soit collect\u00e9es, trait\u00e9es et conserv\u00e9es par notre entreprise selon diff\u00e9rentes finalit\u00e9s et p\u00e9rim\u00e8tres \u00e9num\u00e9r\u00e9s ci-dessous : nom, pr\u00e9nom, adresse.<\/p>\n\n\n\n<h2 class=\"wp-block-heading\">Cookies<\/h2>\n\n\n\n<p>En g\u00e9n\u00e9ral, les cookies sont implant\u00e9s sur votre disque dur et utilis\u00e9s pour conserver les pr\u00e9f\u00e9rences de l\u2019utilisateur, stocker des informations pour des choses comme les paniers d\u2019achat et fournir des donn\u00e9es de suivi anonymis\u00e9es \u00e0 des applications tierces comme Google Analytics. Un bandeau de notification sur l\u2019utilisation des cookies est pr\u00e9sent sur notre site web lors de votre premi\u00e8re connexion. Vous pouvez donc accepter ou refuser le d\u00e9p\u00f4t de cookies \u00e0 tout moment.<br>Voici les diff\u00e9rents types de cookies susceptibles d\u2019\u00eatre utilis\u00e9s sur notre site web :<br>Les cookies n\u00e9cessaire \u00e0 la navigation sur le site :<br>Ces cookies sont n\u00e9cessaires \u00e0 la compr\u00e9hension de la navigation sur le site web.<br>Les cookies analytique et fonctionnels :<br>Ces cookies permettent de conna\u00eetre l\u2019utilisation et les performances du site et d\u2019en am\u00e9liorer le fonctionnement en proc\u00e9dant \u00e0 des analyses de fr\u00e9quentation des pages d\u2019information, en effectuant un suivi des taux d\u2019ouverture, des taux de clics et des taux de rebond au niveau individuel mais non<br>nominatif. Ces m\u00eames cookies sont soumis \u00e0 leurs propres politiques de confidentialit\u00e9 et ne rel\u00e8vent en aucun cas de notre responsabilit\u00e9 (Google Analytics, Google Search Console, JetPack)<br>Les cookies de boutons de partage :<br>Ces cookies sociaux permettent aux utilisateurs de partager des pages et du contenu sur les r\u00e9seaux<br>sociaux tiers via les boutons sociaux de partage. Ces m\u00eames cookies sont soumis \u00e0 leurs propres politiques de confidentialit\u00e9 et ne rel\u00e8vent en aucun cas de notre responsabilit\u00e9 (Facebook, YouTube, Twitter, LinkedIn, Instagram, Viadeo, TripAdvisor, Pinterest et Vimeo).<br>Outils de param\u00e9trage des cookies :<br>La plupart des navigateurs Internet sont configur\u00e9s par d\u00e9faut de fa\u00e7on \u00e0 ce que le d\u00e9p\u00f4t de cookies soit autoris\u00e9. Votre navigateur vous offre l\u2019opportunit\u00e9 de modifier ces param\u00e8tres standards de mani\u00e8re \u00e0 ce que l\u2019ensemble des cookies soit rejet\u00e9 syst\u00e9matiquement ou bien \u00e0 ce qu\u2019une partie seulement des cookies soit accept\u00e9e ou refus\u00e9e en fonction de leur \u00e9metteur. En r\u00e8gle g\u00e9n\u00e9rale, les cookies rendront votre exp\u00e9rience de navigation meilleure. Toutefois, en cas<br>de refus des cookies, il est possible que la navigation soit alt\u00e9r\u00e9e ou r\u00e9duite. Nous d\u00e9clinons toute responsabilit\u00e9 concernant les cons\u00e9quences li\u00e9es \u00e0 la d\u00e9gradation de vos conditions de navigation qui interviennent en raison de votre choix de refuser, supprimer ou bloquer les cookies n\u00e9cessaires au fonctionnement du site.<\/p>\n\n\n\n<p>Si vous pr\u00e9f\u00e9rer d\u00e9sactiver les cookies sur ce site, vous pouvez le faire en d\u00e9sactivant vos cookies gr\u00e2ce au bouton pr\u00e9vu \u00e0 cet effet. <br>A titre indicatif, vous pouvez d\u00e9sactiver l\u2019ensemble de vos cookies depuis votre navigateur :<br>\u2022 Sous Internet Explorer : En haut \u00e0 droite du navigateur, suivez l\u2019ic\u00f4ne en forme<br>d\u2019engrenage : Onglet outil&gt;Options internet&gt;Confidentialit\u00e9&gt;Bloquer tous les cookies&gt;Ok.<br>\u2022 Sous Firefox : En haut du navigateur, suivez le bouton Firefox&gt;Options&gt;Vie priv\u00e9e&gt;Utiliser<br>les param\u00e8tres personnalis\u00e9s pour l\u2019historique (d\u00e9sactiv\u00e9).<br>\u2022 Sous Safari : En haut \u00e0 droite du navigateur, suivez l\u2019ic\u00f4ne en forme d\u2019engrenage :<br>Menu&gt;Param\u00e8tres&gt;Afficher les param\u00e8tres avanc\u00e9s&gt;Confidentialit\u00e9&gt;Param\u00e8tres de<br>contenu&gt;Cookies&gt;Bloquer les cookies.<br>\u2022 Sous Chrome : En haut \u00e0 droite du navigateur, suivez l\u2019ic\u00f4ne en forme de trois lignes<br>horizontales : Menu&gt;Param\u00e8tres&gt;Afficher les param\u00e8tres<br>avanc\u00e9s&gt;Confidentialit\u00e9&gt;Pr\u00e9f\u00e9rences&gt;Confidentialit\u00e9&gt;Bloquer les cookies.<\/p>\n\n\n\n<p><\/p>\n\n\n\n<h2 class=\"wp-block-heading\">Utilisation et transmission de vos donn\u00e9es personnelles<\/h2>\n\n\n\n<p>Nous ne partageons vos informations personnelles avec aucun fournisseur tiers. En aucun cas, nous<br>ne proc\u00e9dons \u00e0 la commercialisation des donn\u00e9es personnelles des visiteurs et utilisateurs de notre<br>site internet \u00e0 des fins publicitaires ou commerciales.<\/p>\n\n\n\n<h2 class=\"wp-block-heading\">Dur\u00e9es de stockage de vos donn\u00e9es<\/h2>\n\n\n\n<p>Lorsque vous nous soumettez des informations personnelles, nous nous permettons de les conserver pendant 36 mois ou 3 ans.<\/p>\n\n\n\n<p>Pour les comptes qui s\u2019inscrivent sur notre site (le cas \u00e9ch\u00e9ant), nous stockons \u00e9galement les donn\u00e9es personnelles indiqu\u00e9es dans leur profil. Tous les comptes peuvent voir, modifier ou supprimer leurs informations personnelles \u00e0 tout moment (\u00e0 l\u2019exception de leur identifiant). Les gestionnaires du site peuvent aussi voir et modifier ces informations.<\/p>\n\n\n\n<h2 class=\"wp-block-heading\">Les droits que vous avez sur vos donn\u00e9es<\/h2>\n\n\n\n<p>Conform\u00e9ment \u00e0 la l\u00e9gislation en vigueur, les utilisateurs disposent de droit qu\u2019il est possible d\u2019exercer en nous \u00e9crivant \u00e0 l\u2019adresse postale : Elsa Pailloux &#8211; 18 rue Dumont d&rsquo;Urville 87100 Limoges<br><strong>Droit d\u2019acc\u00e8s et de communication des donn\u00e9es<\/strong> :<br>Vous pouvez demander directement au responsable d\u2019un fichier s\u2019il d\u00e9tient des informations sur vous (site web, magasin, banque\u2026), et demander \u00e0 ce que l\u2019on vous communique l\u2019int\u00e9gralit\u00e9 de ces donn\u00e9es. L\u2019exercice du droit d\u2019acc\u00e8s permet de contr\u00f4ler l\u2019exactitude des donn\u00e9es et, au besoin, de les faire rectifier ou effacer.<br><strong>Le droit de rectification<\/strong> :<br>Vous pouvez demander la rectification, la mise \u00e0 jour, le verrouillage ou la suppression des informations vous concernant. Le droit de rectification compl\u00e8te le droit d\u2019acc\u00e8s.<br><strong>Le droit d\u2019opposition<\/strong> :<br>Vous pouvez vous opposer, pour des motifs l\u00e9gitimes, \u00e0 figurer dans un fichier. Vous pouvez vous opposer \u00e0 ce que les donn\u00e9es vous concernant soient diffus\u00e9es, transmises ou conserv\u00e9es.<br><strong>D\u00e9lais de r\u00e9ponse<\/strong> :<br>Nous nous engageons \u00e0 r\u00e9pondre \u00e0 votre demande d\u2019acc\u00e8s, de rectification ou d\u2019opposition ou toute autre demande compl\u00e9mentaire d\u2019informations dans un d\u00e9lai raisonnable. Nous nous sommes pr\u00e9alablement assur\u00e9 de la mise en \u0153uvre par ses prestataires de garanties ad\u00e9quates et du respect de conditions strictes en mati\u00e8re de confidentialit\u00e9, d\u2019usage et de protection des donn\u00e9es.<br><strong>Plainte aupr\u00e8s de l\u2019autorit\u00e9 administrative<\/strong> :<br>En cas de non respect de cette pr\u00e9sente politique, vous pouvez, en cas de contestation, former une r\u00e9clamation aupr\u00e8s de la CNIL dont les coordonn\u00e9es figurent \u00e0 l\u2019adresse internet http:\/\/www.cnil.fr. Si vous avez pass\u00e9 une r\u00e9servation ou un bon de commande, vous pouvez nous envoyer un email \u00e0 bulledeprairie@hotmail.com pour demander \u00e0 recevoir un fichier contenant toutes les donn\u00e9es personnelles que nous poss\u00e9dons \u00e0 votre sujet, incluant celles que vous nous avez fournies. Vous pouvez \u00e9galement demander la suppression des donn\u00e9es personnelles vous concernant. <br>Cela ne prend pas en compte les donn\u00e9es stock\u00e9es \u00e0 des fins administratives, l\u00e9gales ou pour des<br>raisons de s\u00e9curit\u00e9 sur notre site internet.<\/p>\n\n\n\n<h2 class=\"wp-block-heading\">Proc\u00e9dures mises en \u0153uvre en cas de fuite de donn\u00e9es<\/h2>\n\n\n\n<p>En cas d\u2019intrusion sur le site et de fuites de donn\u00e9es, une alerte nous sera alors envoy\u00e9e par email automatiquement pour nous la signaler et agir en cons\u00e9quence. Nos utilisateurs seront alors les premiers renseign\u00e9s par email ou via les diff\u00e9rents espace mis \u00e0 disposition ou simplement sur les r\u00e9seaux sociaux.<br> Aucune r\u00e9compense n\u2019est pr\u00e9vues pour les \u00ab chasseurs de bogues \u00bb mais la notification sera grandement appr\u00e9ci\u00e9e.<\/p>\n\n\n\n<h2 class=\"wp-block-heading\">Informations de contact<\/h2>\n\n\n\n<p>Mail : bulleprairie@hotmail.com &#8211; Adresse : 18 rue Dumont d&rsquo;Urville 87100 Limoges<\/p>\n","protected":false},"excerpt":{"rendered":"<p>La pr\u00e9sente politique de confidentialit\u00e9 a pour but, conform\u00e9ment \u00e0 la l\u00e9gislation en vigueur, de vous informer de la mani\u00e8re dont nous traitons, prot\u00e9geons et conservons les informations que vous nous transmettez sur notre pr\u00e9sent site web ou indirectement par voie postale : Elsa Pailloux 18 rue Dumont d&rsquo;Urville 87100 Limoges\u2022 Nous accordons une vigilance [&hellip;]<\/p>\n","protected":false},"author":1,"featured_media":0,"parent":0,"menu_order":10,"comment_status":"closed","ping_status":"closed","template":"","meta":{"site-sidebar-layout":"default","site-content-layout":"","ast-site-content-layout":"default","site-content-style":"default","site-sidebar-style":"default","ast-global-header-display":"","ast-banner-title-visibility":"","ast-main-header-display":"","ast-hfb-above-header-display":"","ast-hfb-below-header-display":"","ast-hfb-mobile-header-display":"","site-post-title":"disabled","ast-breadcrumbs-content":"","ast-featured-img":"","footer-sml-layout":"","ast-disable-related-posts":"","theme-transparent-header-meta":"","adv-header-id-meta":"","stick-header-meta":"","header-above-stick-meta":"","header-main-stick-meta":"","header-below-stick-meta":"","astra-migrate-meta-layouts":"default","ast-page-background-enabled":"default","ast-page-background-meta":{"desktop":{"background-color":"var(--ast-global-color-4)","background-image":"","background-repeat":"repeat","background-position":"center center","background-size":"auto","background-attachment":"scroll","background-type":"","background-media":"","overlay-type":"","overlay-color":"","overlay-opacity":"","overlay-gradient":""},"tablet":{"background-color":"","background-image":"","background-repeat":"repeat","background-position":"center center","background-size":"auto","background-attachment":"scroll","background-type":"","background-media":"","overlay-type":"","overlay-color":"","overlay-opacity":"","overlay-gradient":""},"mobile":{"background-color":"","background-image":"","background-repeat":"repeat","background-position":"center center","background-size":"auto","background-attachment":"scroll","background-type":"","background-media":"","overlay-type":"","overlay-color":"","overlay-opacity":"","overlay-gradient":""}},"ast-content-background-meta":{"desktop":{"background-color":"var(--ast-global-color-5)","background-image":"","background-repeat":"repeat","background-position":"center center","background-size":"auto","background-attachment":"scroll","background-type":"","background-media":"","overlay-type":"","overlay-color":"","overlay-opacity":"","overlay-gradient":""},"tablet":{"background-color":"var(--ast-global-color-5)","background-image":"","background-repeat":"repeat","background-position":"center center","background-size":"auto","background-attachment":"scroll","background-type":"","background-media":"","overlay-type":"","overlay-color":"","overlay-opacity":"","overlay-gradient":""},"mobile":{"background-color":"var(--ast-global-color-5)","background-image":"","background-repeat":"repeat","background-position":"center center","background-size":"auto","background-attachment":"scroll","background-type":"","background-media":"","overlay-type":"","overlay-color":"","overlay-opacity":"","overlay-gradient":""}},"footnotes":""},"class_list":["post-3","page","type-page","status-publish","hentry"],"_links":{"self":[{"href":"https:\/\/bulledeprairie.com\/index.php\/wp-json\/wp\/v2\/pages\/3","targetHints":{"allow":["GET"]}}],"collection":[{"href":"https:\/\/bulledeprairie.com\/index.php\/wp-json\/wp\/v2\/pages"}],"about":[{"href":"https:\/\/bulledeprairie.com\/index.php\/wp-json\/wp\/v2\/types\/page"}],"author":[{"embeddable":true,"href":"https:\/\/bulledeprairie.com\/index.php\/wp-json\/wp\/v2\/users\/1"}],"replies":[{"embeddable":true,"href":"https:\/\/bulledeprairie.com\/index.php\/wp-json\/wp\/v2\/comments?post=3"}],"version-history":[{"count":3,"href":"https:\/\/bulledeprairie.com\/index.php\/wp-json\/wp\/v2\/pages\/3\/revisions"}],"predecessor-version":[{"id":224,"href":"https:\/\/bulledeprairie.com\/index.php\/wp-json\/wp\/v2\/pages\/3\/revisions\/224"}],"wp:attachment":[{"href":"https:\/\/bulledeprairie.com\/index.php\/wp-json\/wp\/v2\/media?parent=3"}],"curies":[{"name":"wp","href":"https:\/\/api.w.org\/{rel}","templated":true}]}}