{"id":204,"date":"2022-11-06T18:01:43","date_gmt":"2022-11-06T17:01:43","guid":{"rendered":"http:\/\/bulledeprairie.com\/?page_id=204"},"modified":"2022-11-06T19:34:45","modified_gmt":"2022-11-06T18:34:45","slug":"mentions-legales","status":"publish","type":"page","link":"https:\/\/bulledeprairie.com\/index.php\/mentions-legales\/","title":{"rendered":"Mentions l\u00e9gales"},"content":{"rendered":"\n<div class=\"wp-block-cover alignfull is-light\" style=\"min-height:164px;aspect-ratio:unset;\"><span aria-hidden=\"true\" class=\"wp-block-cover__background has-background-dim\"><\/span><img loading=\"lazy\" decoding=\"async\" width=\"1920\" height=\"1272\" class=\"wp-block-cover__image-background wp-image-207\" alt=\"\" src=\"https:\/\/bulledeprairie.com\/wp-content\/uploads\/2022\/11\/letter-g70767404c_1920-1.jpg\" data-object-fit=\"cover\" srcset=\"https:\/\/bulledeprairie.com\/wp-content\/uploads\/2022\/11\/letter-g70767404c_1920-1.jpg 1920w, https:\/\/bulledeprairie.com\/wp-content\/uploads\/2022\/11\/letter-g70767404c_1920-1-300x199.jpg 300w, https:\/\/bulledeprairie.com\/wp-content\/uploads\/2022\/11\/letter-g70767404c_1920-1-1024x678.jpg 1024w, https:\/\/bulledeprairie.com\/wp-content\/uploads\/2022\/11\/letter-g70767404c_1920-1-768x509.jpg 768w, https:\/\/bulledeprairie.com\/wp-content\/uploads\/2022\/11\/letter-g70767404c_1920-1-1536x1018.jpg 1536w\" sizes=\"auto, (max-width: 1920px) 100vw, 1920px\" \/><div class=\"wp-block-cover__inner-container is-layout-flow wp-block-cover-is-layout-flow\">\n<h1 class=\"has-text-align-center has-large-font-size wp-block-heading\"><strong>Mentions l\u00e9gales<\/strong><\/h1>\n<\/div><\/div>\n\n\n\n<div style=\"height:48px\" aria-hidden=\"true\" class=\"wp-block-spacer\"><\/div>\n\n\n\n<h2 class=\"wp-block-heading\">1. Pr\u00e9sentation du site<\/h2>\n\n\n\n<p>Dans le cadre de la r\u00e9alisation et du suivi du site et en accord avec les articles 6-III et 19 de la loi n\u00b0 2004-575 du 21 juin 2004 pour la confiance dans l\u2019\u00e9conomie num\u00e9rique (L.E.C.N.), les utilisateurs et les visiteurs du site https:\/\/bulledeprairie.com\/ ont acc\u00e8s \u00e0 l\u2019identit\u00e9 des diff\u00e9rents intervenants dans le cadre de sa r\u00e9alisation et de son suivi :<br>Nom de la soci\u00e9t\u00e9 : Elsa Pailloux<br>D\u00e9nomination ou raison sociale : Elsa Pailloux<br>Forme juridique : Micro-entreprise<br>SIREN : 909 825 226<br>Adresse : 18 rue Dumont d&rsquo;Urville 87100 Limoges <br>T\u00e9l\u00e9phone : 06 14 53 28 14<br>Adresse de courrier \u00e9lectronique : bulledeprairie@hotmail.com<br>Cr\u00e9ateur du site : Conception de site internet WordPress Elsa Pailloux &#8211; bulledeprairie@hotmail.com<br>Responsable de publication : Elsa Pailloux<br>Le responsable publication est une personne physique ou une personne morale.<br>Webmaster : Elsa Pailloux &#8211; bulledeprairie@hotmail.com<br>H\u00e9bergeur : OVH \u2013 2 rue Kellermann \u2013 59100 Roubaix<\/p>\n\n\n\n<h2 class=\"wp-block-heading\">2. Description des services fournis<\/h2>\n\n\n\n<p>En naviguant sur notre site web https:\/\/bulledeprairie.com\/, vous acceptez les conditions g\u00e9n\u00e9rales d\u2019utilisations que vous trouverez dans les pr\u00e9sentes mentions l\u00e9gales. Cependant, il convient de pr\u00e9ciser que ces mentions l\u00e9gales et conditions g\u00e9n\u00e9rales d\u2019utilisations peuvent \u00eatre modifi\u00e9es ou mises \u00e0 jour \u00e0 tout moment par Elsa Pailloux. Nous vous invitons donc \u00e0 les consulter r\u00e9guli\u00e8rement. Pr\u00e9alablement \u00e0 l\u2019intervention de notre service concernant la maintenance technique, Elsa Pailloux s\u2019engagera \u00e0 communiquer les dates et heures des interventions.<\/p>\n\n\n\n<h2 class=\"wp-block-heading\">3. Conditions g\u00e9n\u00e9rales d\u2019utilisation du site et des services propos\u00e9s<\/h2>\n\n\n\n<ol class=\"wp-block-list\" start=\"3\"><\/ol>\n\n\n\n<ol class=\"wp-block-list\" start=\"3\"><\/ol>\n\n\n\n<p>Au vue de notre politique de transparence, le pr\u00e9sent site s\u2019engage \u00e0 fournir toutes les informations n\u00e9cessaires concernant l\u2019ensemble des activit\u00e9s de la soci\u00e9t\u00e9.<br>Lors des mises \u00e0 jour, Elsa Pailloux ne pourra \u00eatre tenu responsable des omissions, inexactitudes ou carences que pourra comporter le site, qu\u2019elles proviennent de son auteur ou de ses diff\u00e9rents prestataires. Toutes les informations disponibles sur le site sont donn\u00e9es \u00e0 titre indicatif, non exhaustives et sont susceptibles d\u2019\u00e9voluer.<\/p>\n\n\n\n<h2 class=\"wp-block-heading\">4. Limitations contractuelles sur les donn\u00e9es techniques<\/h2>\n\n\n\n<p>Le contenu du site d&rsquo;Elsa Pailloux est r\u00e9guli\u00e8rement v\u00e9rifi\u00e9 et corrig\u00e9 par son auteur et Elsa Pailloux afin que ce dernier soit le plus fiable possible. Mais Elsa Pailloux ne peut \u00eatre tenu responsable en cas d\u2019inexactitude ou d\u2019omission. N\u2019h\u00e9sitez pas \u00e0 nous contacter par mail si vous rencontrez une erreur ou une omission concernant certaines informations.<br>Le pr\u00e9sent site utilise la technologie JavaScript et ne pourra donc encourir la responsabilit\u00e9 en cas de dommages mat\u00e9riel directs ou indirects li\u00e9s \u00e0 l\u2019utilisation du site. De plus, les utilisateurs et les visiteurs du site web acceptent de naviguer sur ce dernier avec une technologie (ordinateur, tablette, mobile, navigateur) moderne, r\u00e9cente et sans virus.<\/p>\n\n\n\n<h2 class=\"wp-block-heading\">5. Propri\u00e9t\u00e9 intellectuelle et contrefa\u00e7ons<\/h2>\n\n\n\n<p>Tout le contenu (images, textes, graphismes, logo, ic\u00f4nes, sons ou encore logiciels) appartient en propre \u00e0 Elsa Pailloux. Sauf d\u00e9rogation manuscrite d&rsquo;Elsa Pailloux, le fait de reproduire, repr\u00e9senter, modifier, publier, adapter tout ou partie des \u00e9l\u00e9ments du site est interdit quel soit le moyen ou proc\u00e9d\u00e9 employ\u00e9.<br>En cas d\u2019exploitation non autoris\u00e9e des \u00e9l\u00e9ments ci-dessus, nous nous verrons dans l\u2019obligation de vous poursuivre en vertu des dispositions des articles L.335-2 et suivants du Code de Propri\u00e9t\u00e9 Intellectuelle.<br>En cas de violation des droits d\u2019auteurs appartenant en propre au site web d&rsquo;Elsa Pailloux la peine encourue est de 2 ans d\u2019emprisonnement et de 150 000\u20ac d\u2019amende au regard de l\u2019article L335-2 du Code de la Propri\u00e9t\u00e9 intellectuelle. Tout propos injurieux, \u00e0 caract\u00e8re raciste, diffamant ou pornographique \u00e9chang\u00e9s sur les espaces interactifs du pr\u00e9sent site ne saurait engager sa responsabilit\u00e9. Elsa Pailloux peut \u00e0 tout moment supprimer tout contenu portant atteinte aux valeurs de l\u2019entreprise ou \u00e0 la l\u00e9gislation fran\u00e7aise.<\/p>\n\n\n\n<h2 class=\"wp-block-heading\">6. Limitations de responsabilit\u00e9<\/h2>\n\n\n\n<p>Lors d\u2019un dommage direct ou indirect li\u00e9 au mat\u00e9riel de l\u2019utilisateur ne r\u00e9pondant pas aux sp\u00e9cifications du point 4 ou li\u00e9 \u00e0 l\u2019apparition d\u2019un bug ou d\u2019une incompatibilit\u00e9, Elsa Pailloux ne pourra pas engager sa responsabilit\u00e9. De m\u00eame, Elsa Pailloux ne saurait \u00e9galement engager sa responsabilit\u00e9 en cas de<br>dommages indirects tel qu\u2019une perte de march\u00e9 ou une perte de chance par exemple relatif \u00e0 l\u2019utilisation du pr\u00e9sent site. Lors de la navigation sur le pr\u00e9sent site, il est possible d\u2019interagir ou de poser des questions via l\u2019espace de contact. Toutefois, tout contenu d\u00e9pos\u00e9 dans cet espace qui serait contraire \u00e0 la<br>l\u00e9gislation fran\u00e7aise en vigueur et notamment contraire aux dispositions relatives \u00e0 la protection des donn\u00e9es pourra \u00eatre supprim\u00e9 sans mise en demeure pr\u00e9alable. En cas d\u2019atteinte \u00e0 la l\u00e9gislation fran\u00e7aise en vigueur, Elsa Pailloux se r\u00e9serve le droit de mettre en cause la responsabilit\u00e9 civile et\/ou p\u00e9nale de l\u2019auteur de l\u2019atteinte.<\/p>\n\n\n\n<h2 class=\"wp-block-heading\">7. Gestion des donn\u00e9es personnelles<\/h2>\n\n\n\n<p>En vertu de la loi n\u00b0 78-87 du 6 janvier 1978, de la loi n\u00b0 2004-801 du 6 ao\u00fbt 2004, de l\u2019article L. 226-13 du Code p\u00e9nal et de la Directive Europ\u00e9enne du 24 octobre 1995, les donn\u00e9es personnelles sont prot\u00e9g\u00e9es en France. L\u2019URL des liens gr\u00e2ce auxquels l\u2019utilisateur ou le visiteur a acc\u00e9d\u00e9 au pr\u00e9sent site, le fournisseur d\u2019acc\u00e8s de l\u2019utilisateur ou encore l\u2019adresse de protocole internet (IP) de l\u2019utilisateur peuvent \u00eatre collect\u00e9s lors de la navigation sur le pr\u00e9sent site. Toutefois, en cas de besoin pour certains services propos\u00e9s par le site, l\u2019utilisateur pourra d\u00e9cider de fournir ou non, en tout \u00e9tat de cause des informations dont lui seul aura la visibilit\u00e9. De ce fait, aucune information personnelle le concernant ne sera publi\u00e9e, \u00e9chang\u00e9e, transf\u00e9r\u00e9e, c\u00e9d\u00e9e ou vendue sur un autre support. Dans le cas d\u2019un rachat de l\u2019entreprise, du pr\u00e9sent site et de ses droits, lesdites informations seront transmises \u00e0 l\u2019acqu\u00e9reur qui serait lui-m\u00eame tenu des m\u00eames obligations de conservation et de modification des donn\u00e9es vis-\u00e0-vis de l\u2019utilisateur du pr\u00e9sent site. Selon les articles 38 et suivants de la loi 78-17 du 6 janvier 1978 relative \u00e0 l\u2019informatique, aux fichiers et aux libert\u00e9s, les utilisateurs disposent d\u2019un droit d\u2019acc\u00e8s, de rectification et d\u2019opposition aux donn\u00e9es personnelles en effectuant sa demande \u00e9crite et sign\u00e9e, accompagn\u00e9e d\u2019une copie du titre d\u2019identit\u00e9 avec signature du titulaire de la pi\u00e8ce, en pr\u00e9cisant l\u2019adresse \u00e0 laquelle la r\u00e9ponse<br>doit \u00eatre envoy\u00e9e. Le site ne recueillant aucune donn\u00e9e personnelle, il n\u2019est donc pas d\u00e9clar\u00e9 au Centre National des Informations et des Libert\u00e9s (CNIL). La protection des bases de donn\u00e9es est assur\u00e9e par la loi du 1er juillet 1998 transposant la directive<br>96\/9 du 11 mars 1996 relative \u00e0 la protection juridique des bases de donn\u00e9es.<\/p>\n\n\n\n<h2 class=\"wp-block-heading\">8. Liens hypertextes et cookies<\/h2>\n\n\n\n<p>Un cookie est une information conserv\u00e9e sur votre ordinateur par un site web que vous visitez. Ce fichier de petite taille ne permet pas l\u2019identification de l\u2019utilisateur mais il enregistre certaines informations relatives \u00e0 votre navigation sur internet. Ces donn\u00e9es retenues viennent donc faciliter<br>votre navigation sur internet. En cas de refus de l\u2019installation d\u2019un cookie, cela peut entra\u00eener l\u2019impossibilit\u00e9 d\u2019acc\u00e9der \u00e0 certains services. Pour d\u00e9sactiver tous (ou partiellement) les cookies sur notre site internet, il suffit de cliquer sur le bouton \u00ab Tout refuser \u00bb ou \u00ab Pr\u00e9f\u00e9rences \u00bb.<br>Toutefois, voici quelques \u00e9tapes utiles en cas o\u00f9 vous souhaitez bloquer tous les cookies sur votre<br>navigateur.<br>Sous Internet Explorer : En haut \u00e0 droite du navigateur, suivez l\u2019ic\u00f4ne en forme d\u2019engrenage :<br>Onglet outil&gt;Options internet&gt;Confidentialit\u00e9&gt;Bloquer tous les cookies&gt;Ok.<br>Sous Firefox : En haut du navigateur, suivez le bouton Firefox&gt;Options&gt;Vie priv\u00e9e&gt;Utiliser les<br>param\u00e8tres personnalis\u00e9s pour l\u2019historique (d\u00e9sactiv\u00e9).<br>Sous Safari : En haut \u00e0 droite du navigateur, suivez l\u2019ic\u00f4ne en forme d\u2019engrenage :<br>Menu&gt;Param\u00e8tres&gt;Afficher les param\u00e8tres avanc\u00e9s&gt;Confidentialit\u00e9&gt;Param\u00e8tres de<br>contenu&gt;Cookies&gt;Bloquer les cookies.<br>Sous Chrome : En haut \u00e0 droite du navigateur, suivez l\u2019ic\u00f4ne en forme de trois lignes horizontales :<br>Menu&gt;Param\u00e8tres&gt;Afficher les param\u00e8tres<br>avanc\u00e9s&gt;Confidentialit\u00e9&gt;Pr\u00e9f\u00e9rences&gt;Confidentialit\u00e9&gt;Bloquer les cookies.<\/p>\n\n\n\n<h2 class=\"wp-block-heading\">9. Droit applicable et attribution de juridiction<\/h2>\n\n\n\n<p>En cas de litige relatif \u00e0 l\u2019utilisation du pr\u00e9sent site, il est fait attribution exclusive du dossier aux juridictions des Tribunaux comp\u00e9tents de Paris.<\/p>\n\n\n\n<h2 class=\"wp-block-heading\">10. Les principales lois concern\u00e9es<\/h2>\n\n\n\n<p>D\u00e9pendant de la l\u00e9gislation fran\u00e7aise, le pr\u00e9sent site web ob\u00e9it \u00e0 la loi n\u00b0 78-17 du 6 janvier 1978, notamment modifi\u00e9e par la loi n\u00b0 2004-801 du 6 ao\u00fbt 2004 relative \u00e0 l\u2019informatique, aux fichiers et aux libert\u00e9s ainsi que la loi n\u00b0 2004-575 du 21 juin 2004 pour la confiance dans l\u2019\u00e9conomie num\u00e9rique.<\/p>\n\n\n\n<h2 class=\"wp-block-heading\">11. Lexique<\/h2>\n\n\n\n<p>Utilisateur : Internaute se connectant, utilisant le site susnomm\u00e9.<br>Informations personnelles : \u00ab les informations qui permettent, sous quelque forme que ce soit,<br>directement ou non, l\u2019identification des personnes physiques auxquelles elles s\u2019appliquent \u00bb (article<br>4 de la loi n\u00b0 78-17 du 6 janvier 1978).<\/p>\n","protected":false},"excerpt":{"rendered":"<p>1. Pr\u00e9sentation du site Dans le cadre de la r\u00e9alisation et du suivi du site et en accord avec les articles 6-III et 19 de la loi n\u00b0 2004-575 du 21 juin 2004 pour la confiance dans l\u2019\u00e9conomie num\u00e9rique (L.E.C.N.), les utilisateurs et les visiteurs du site https:\/\/bulledeprairie.com\/ ont acc\u00e8s \u00e0 l\u2019identit\u00e9 des diff\u00e9rents intervenants [&hellip;]<\/p>\n","protected":false},"author":1,"featured_media":0,"parent":0,"menu_order":10,"comment_status":"closed","ping_status":"closed","template":"","meta":{"site-sidebar-layout":"default","site-content-layout":"","ast-site-content-layout":"default","site-content-style":"default","site-sidebar-style":"default","ast-global-header-display":"","ast-banner-title-visibility":"","ast-main-header-display":"","ast-hfb-above-header-display":"","ast-hfb-below-header-display":"","ast-hfb-mobile-header-display":"","site-post-title":"disabled","ast-breadcrumbs-content":"","ast-featured-img":"","footer-sml-layout":"","ast-disable-related-posts":"","theme-transparent-header-meta":"","adv-header-id-meta":"","stick-header-meta":"","header-above-stick-meta":"","header-main-stick-meta":"","header-below-stick-meta":"","astra-migrate-meta-layouts":"default","ast-page-background-enabled":"default","ast-page-background-meta":{"desktop":{"background-color":"var(--ast-global-color-4)","background-image":"","background-repeat":"repeat","background-position":"center center","background-size":"auto","background-attachment":"scroll","background-type":"","background-media":"","overlay-type":"","overlay-color":"","overlay-opacity":"","overlay-gradient":""},"tablet":{"background-color":"","background-image":"","background-repeat":"repeat","background-position":"center center","background-size":"auto","background-attachment":"scroll","background-type":"","background-media":"","overlay-type":"","overlay-color":"","overlay-opacity":"","overlay-gradient":""},"mobile":{"background-color":"","background-image":"","background-repeat":"repeat","background-position":"center center","background-size":"auto","background-attachment":"scroll","background-type":"","background-media":"","overlay-type":"","overlay-color":"","overlay-opacity":"","overlay-gradient":""}},"ast-content-background-meta":{"desktop":{"background-color":"var(--ast-global-color-5)","background-image":"","background-repeat":"repeat","background-position":"center center","background-size":"auto","background-attachment":"scroll","background-type":"","background-media":"","overlay-type":"","overlay-color":"","overlay-opacity":"","overlay-gradient":""},"tablet":{"background-color":"var(--ast-global-color-5)","background-image":"","background-repeat":"repeat","background-position":"center center","background-size":"auto","background-attachment":"scroll","background-type":"","background-media":"","overlay-type":"","overlay-color":"","overlay-opacity":"","overlay-gradient":""},"mobile":{"background-color":"var(--ast-global-color-5)","background-image":"","background-repeat":"repeat","background-position":"center center","background-size":"auto","background-attachment":"scroll","background-type":"","background-media":"","overlay-type":"","overlay-color":"","overlay-opacity":"","overlay-gradient":""}},"footnotes":""},"class_list":["post-204","page","type-page","status-publish","hentry"],"_links":{"self":[{"href":"https:\/\/bulledeprairie.com\/index.php\/wp-json\/wp\/v2\/pages\/204","targetHints":{"allow":["GET"]}}],"collection":[{"href":"https:\/\/bulledeprairie.com\/index.php\/wp-json\/wp\/v2\/pages"}],"about":[{"href":"https:\/\/bulledeprairie.com\/index.php\/wp-json\/wp\/v2\/types\/page"}],"author":[{"embeddable":true,"href":"https:\/\/bulledeprairie.com\/index.php\/wp-json\/wp\/v2\/users\/1"}],"replies":[{"embeddable":true,"href":"https:\/\/bulledeprairie.com\/index.php\/wp-json\/wp\/v2\/comments?post=204"}],"version-history":[{"count":5,"href":"https:\/\/bulledeprairie.com\/index.php\/wp-json\/wp\/v2\/pages\/204\/revisions"}],"predecessor-version":[{"id":223,"href":"https:\/\/bulledeprairie.com\/index.php\/wp-json\/wp\/v2\/pages\/204\/revisions\/223"}],"wp:attachment":[{"href":"https:\/\/bulledeprairie.com\/index.php\/wp-json\/wp\/v2\/media?parent=204"}],"curies":[{"name":"wp","href":"https:\/\/api.w.org\/{rel}","templated":true}]}}