{"id":2,"date":"2022-11-03T18:38:38","date_gmt":"2022-11-03T17:38:38","guid":{"rendered":"http:\/\/bulledeprairie.com\/?page_id=2"},"modified":"2026-01-22T15:02:05","modified_gmt":"2026-01-22T14:02:05","slug":"prestations","status":"publish","type":"page","link":"https:\/\/bulledeprairie.com\/index.php\/prestations\/","title":{"rendered":"Prestations"},"content":{"rendered":"\n<figure class=\"wp-block-image alignwide size-full\"><img loading=\"lazy\" decoding=\"async\" width=\"861\" height=\"523\" src=\"https:\/\/bulledeprairie.com\/wp-content\/uploads\/2025\/06\/Banniere-presta.jpg\" alt=\"\" class=\"wp-image-310\" srcset=\"https:\/\/bulledeprairie.com\/wp-content\/uploads\/2025\/06\/Banniere-presta.jpg 861w, https:\/\/bulledeprairie.com\/wp-content\/uploads\/2025\/06\/Banniere-presta-300x182.jpg 300w, https:\/\/bulledeprairie.com\/wp-content\/uploads\/2025\/06\/Banniere-presta-768x467.jpg 768w\" sizes=\"auto, (max-width: 861px) 100vw, 861px\" \/><\/figure>\n\n\n\n<div style=\"height:85px\" aria-hidden=\"true\" class=\"wp-block-spacer\"><\/div>\n\n\n\n<div class=\"wp-block-media-text is-stacked-on-mobile\"><figure class=\"wp-block-media-text__media\"><img loading=\"lazy\" decoding=\"async\" width=\"1024\" height=\"683\" src=\"https:\/\/bulledeprairie.com\/wp-content\/uploads\/2022\/11\/horse-g67564d3d5_1920-1024x683.jpg\" alt=\"\" class=\"wp-image-126 size-full\" srcset=\"https:\/\/bulledeprairie.com\/wp-content\/uploads\/2022\/11\/horse-g67564d3d5_1920-1024x683.jpg 1024w, https:\/\/bulledeprairie.com\/wp-content\/uploads\/2022\/11\/horse-g67564d3d5_1920-300x200.jpg 300w, https:\/\/bulledeprairie.com\/wp-content\/uploads\/2022\/11\/horse-g67564d3d5_1920-768x512.jpg 768w, https:\/\/bulledeprairie.com\/wp-content\/uploads\/2022\/11\/horse-g67564d3d5_1920-1536x1024.jpg 1536w, https:\/\/bulledeprairie.com\/wp-content\/uploads\/2022\/11\/horse-g67564d3d5_1920.jpg 1920w\" sizes=\"auto, (max-width: 1024px) 100vw, 1024px\" \/><\/figure><div class=\"wp-block-media-text__content\">\n<h3 class=\"wp-block-heading\"><strong>Communication animale &#8211; Pour une meilleure compr\u00e9hension mutuelle<\/strong><\/h3>\n\n\n\n<p>La communication animale permet un v\u00e9ritable \u00e9change avec votre cheval et de comprendre ce qu&rsquo;il pense r\u00e9ellement. Je suis la messag\u00e8re entre lui et vous et je m&rsquo;efforce de transmettre un dialogue authentique. <\/p>\n\n\n\n<p>D\u00e9roulement d&rsquo;une communication animale : vous me transmettez tout ce que vous souhaitez dire \u00e0 votre cheval. Ensuite, je fais la communication puis je vous appelle pour vous faire un compte-rendu oral. Enfin, je vous envoi un compte-rendu \u00e9crit. <\/p>\n\n\n\n<p>La communication animale est r\u00e9alis\u00e9e \u00e0 distance sur photo.<\/p>\n\n\n\n<h3 class=\"wp-block-heading has-text-align-left\">55\u20ac<\/h3>\n<\/div><\/div>\n\n\n\n<div style=\"height:32px\" aria-hidden=\"true\" class=\"wp-block-spacer\"><\/div>\n\n\n\n<div style=\"height:29px\" aria-hidden=\"true\" class=\"wp-block-spacer\"><\/div>\n\n\n\n<div style=\"height:44px\" aria-hidden=\"true\" class=\"wp-block-spacer\"><\/div>\n\n\n\n<div class=\"wp-block-media-text has-media-on-the-right is-stacked-on-mobile\"><div class=\"wp-block-media-text__content\">\n<h3 class=\"wp-block-heading\"><strong>Soutien \u00e9nerg\u00e9tique &#8211; Pour revitaliser mon cheval<\/strong><\/h3>\n\n\n\n<p>Le soutien \u00e9nerg\u00e9tique permet d&rsquo;apporter vitalit\u00e9 \u00e0 votre compagnon mais aussi d&rsquo;apaiser un mental trop pr\u00e9sent, notamment lorsqu&rsquo;il a des peurs ou des angoisses marqu\u00e9es.<\/p>\n\n\n\n<p>D\u00e9roulement d&rsquo;un soutien \u00e9nerg\u00e9tique : je r\u00e9alise toujours une communication animale succincte pour avoir le retour de votre cheval et comprendre r\u00e9ellement ses besoins. Je choisis ainsi la m\u00e9thode la plus adapt\u00e9e. Apr\u00e8s le soutien, je vous informe des points qui ont \u00e9t\u00e9 travaill\u00e9s. Quelques jours apr\u00e8s, je vous appelle pour prendre des nouvelles de votre loulou.   <\/p>\n\n\n\n<p>Cela ne remplace pas l&rsquo;avis d&rsquo;un v\u00e9t\u00e9rinaire. <\/p>\n\n\n\n<h3 class=\"wp-block-heading has-text-align-left\">75\u20ac <\/h3>\n<\/div><figure class=\"wp-block-media-text__media\"><img loading=\"lazy\" decoding=\"async\" width=\"1024\" height=\"945\" src=\"https:\/\/bulledeprairie.com\/wp-content\/uploads\/2022\/11\/Energie-mains-1024x945.jpg\" alt=\"\" class=\"wp-image-132 size-full\" srcset=\"https:\/\/bulledeprairie.com\/wp-content\/uploads\/2022\/11\/Energie-mains-1024x945.jpg 1024w, https:\/\/bulledeprairie.com\/wp-content\/uploads\/2022\/11\/Energie-mains-300x277.jpg 300w, https:\/\/bulledeprairie.com\/wp-content\/uploads\/2022\/11\/Energie-mains-768x708.jpg 768w, https:\/\/bulledeprairie.com\/wp-content\/uploads\/2022\/11\/Energie-mains-1536x1417.jpg 1536w, https:\/\/bulledeprairie.com\/wp-content\/uploads\/2022\/11\/Energie-mains-2048x1889.jpg 2048w\" sizes=\"auto, (max-width: 1024px) 100vw, 1024px\" \/><\/figure><\/div>\n\n\n\n<div style=\"height:41px\" aria-hidden=\"true\" class=\"wp-block-spacer\"><\/div>\n\n\n\n<div style=\"height:49px\" aria-hidden=\"true\" class=\"wp-block-spacer\"><\/div>\n\n\n\n<div class=\"wp-block-media-text is-stacked-on-mobile\"><figure class=\"wp-block-media-text__media\"><img loading=\"lazy\" decoding=\"async\" width=\"1024\" height=\"684\" src=\"https:\/\/bulledeprairie.com\/wp-content\/uploads\/2022\/11\/foal-g169199849_1920-1-1024x684.jpg\" alt=\"\" class=\"wp-image-157 size-full\" srcset=\"https:\/\/bulledeprairie.com\/wp-content\/uploads\/2022\/11\/foal-g169199849_1920-1-1024x684.jpg 1024w, https:\/\/bulledeprairie.com\/wp-content\/uploads\/2022\/11\/foal-g169199849_1920-1-300x200.jpg 300w, https:\/\/bulledeprairie.com\/wp-content\/uploads\/2022\/11\/foal-g169199849_1920-1-768x513.jpg 768w, https:\/\/bulledeprairie.com\/wp-content\/uploads\/2022\/11\/foal-g169199849_1920-1-1536x1026.jpg 1536w, https:\/\/bulledeprairie.com\/wp-content\/uploads\/2022\/11\/foal-g169199849_1920-1.jpg 1920w\" sizes=\"auto, (max-width: 1024px) 100vw, 1024px\" \/><\/figure><div class=\"wp-block-media-text__content\">\n<h3 class=\"wp-block-heading\"><strong>Forfait<\/strong><strong>&#8211; Pour prendre soin de son cheval \u00e0 prix tout doux<\/strong><\/h3>\n\n\n\n<p><strong>Communication animale et soutien \u00e9nerg\u00e9tique<\/strong> : cela permet de travailler les points \u00e9voqu\u00e9s en communication notamment sur des blocages \u00e9motionnels.<\/p>\n\n\n\n<h3 class=\"wp-block-heading has-text-align-left\">120\u20ac au lieu de 130\u20ac<\/h3>\n<\/div><\/div>\n\n\n\n<div style=\"height:66px\" aria-hidden=\"true\" class=\"wp-block-spacer\"><\/div>\n\n\n\n<div class=\"wp-block-columns is-layout-flex wp-container-core-columns-is-layout-28f84493 wp-block-columns-is-layout-flex\">\n<div class=\"wp-block-column is-layout-flow wp-block-column-is-layout-flow\">\n<h3 class=\"wp-block-heading\">Accompagnement au clicker training<\/h3>\n\n\n\n<p>Le clicker training est une m\u00e9thode d&rsquo;apprentissage permettant de faire comprendre au cheval le comportement que l&rsquo;on attend de lui. Pour cela on utilise l&rsquo;association du son \u00ab\u00a0click\u00a0\u00bb \u00e0 une r\u00e9compense. Ce son permet de marquer le bon comportement. Cette m\u00e9thode peut-\u00eatre aussi bien utilis\u00e9e \u00e0 pied que mont\u00e9. On peut l&rsquo;appliquer de fa\u00e7on ludique pour apprendre au cheval des tours de cirque par exemple, mais aussi pour corriger des probl\u00e8mes comportementaux tels que des difficult\u00e9s \u00e0 attraper le cheval, l&#8217;embarquement dans le van ou encore un cheval qui a peur d&rsquo;un objet, d&rsquo;une situation.<\/p>\n\n\n\n<p>Alors vous si vous souhaitez d\u00e9couvrir et\/ou progresser en clicker taining je serais heureuse de vous accompagner. <\/p>\n\n\n\n<h3 class=\"wp-block-heading\">S\u00e9ance d &lsquo;accompagnement individuelle 35\u20ac<\/h3>\n<\/div>\n\n\n\n<div class=\"wp-block-column is-layout-flow wp-block-column-is-layout-flow\">\n<div style=\"height:23px\" aria-hidden=\"true\" class=\"wp-block-spacer\"><\/div>\n\n\n\n<figure class=\"wp-block-image size-full\"><img loading=\"lazy\" decoding=\"async\" width=\"699\" height=\"446\" src=\"https:\/\/bulledeprairie.com\/wp-content\/uploads\/2026\/01\/108.jpg\" alt=\"\" class=\"wp-image-388\" srcset=\"https:\/\/bulledeprairie.com\/wp-content\/uploads\/2026\/01\/108.jpg 699w, https:\/\/bulledeprairie.com\/wp-content\/uploads\/2026\/01\/108-300x191.jpg 300w\" sizes=\"auto, (max-width: 699px) 100vw, 699px\" \/><\/figure>\n<\/div>\n<\/div>\n\n\n\n<div style=\"height:48px\" aria-hidden=\"true\" class=\"wp-block-spacer\"><\/div>\n\n\n\n<div class=\"wp-block-columns is-layout-flex wp-container-core-columns-is-layout-28f84493 wp-block-columns-is-layout-flex\">\n<div class=\"wp-block-column is-layout-flow wp-block-column-is-layout-flow\">\n<div style=\"height:57px\" aria-hidden=\"true\" class=\"wp-block-spacer\"><\/div>\n\n\n\n<figure class=\"wp-block-image size-full\"><img loading=\"lazy\" decoding=\"async\" width=\"616\" height=\"605\" src=\"https:\/\/bulledeprairie.com\/wp-content\/uploads\/2026\/01\/109.jpg\" alt=\"\" class=\"wp-image-395\" srcset=\"https:\/\/bulledeprairie.com\/wp-content\/uploads\/2026\/01\/109.jpg 616w, https:\/\/bulledeprairie.com\/wp-content\/uploads\/2026\/01\/109-300x295.jpg 300w\" sizes=\"auto, (max-width: 616px) 100vw, 616px\" \/><\/figure>\n<\/div>\n\n\n\n<div class=\"wp-block-column is-layout-flow wp-block-column-is-layout-flow\">\n<h3 class=\"wp-block-heading\">Accompagnement au medical training<\/h3>\n\n\n\n<p>Le medical training s&rsquo;appuie sur la m\u00e9thode du clicker training en l&rsquo;appliquant aux soins. Par cons\u00e9quent, cette approche est tr\u00e8s efficace si vous rencontrez des difficult\u00e9s avec votre cheval lors : <\/p>\n\n\n\n<ul class=\"wp-block-list\">\n<li>Des injections\/piq\u00fbres (prise de sang, vaccin)<\/li>\n\n\n\n<li>De la prise de la seringue dans la bouche (vermifuge, m\u00e9dicaments)<\/li>\n\n\n\n<li>Du soin aux yeux (gouttes)<\/li>\n\n\n\n<li>De la douche<\/li>\n\n\n\n<li>De la vaporisation d&rsquo;un spray (anti-mouche, d\u00e9m\u00e9lant)<\/li>\n\n\n\n<li>De la venue du denstiste<\/li>\n\n\n\n<li>De la pose du st\u00e9thoscope (\u00e9coute du c\u0153ur) <\/li>\n\n\n\n<li>De la tonte<\/li>\n\n\n\n<li>De la prise des sabots<\/li>\n\n\n\n<li>Etc&#8230; <\/li>\n<\/ul>\n\n\n\n<p>Gr\u00e2ce au medical training le cheval devient acteur de ses soins. Il n&rsquo;est plus passif \u00e0 les subir pouvant entra\u00eener des comportements dangereux. Vous retrouverez s\u00e9curit\u00e9 avec votre cheval et il reprendra confiance en vous.<\/p>\n\n\n\n<p><\/p>\n\n\n\n<h3 class=\"wp-block-heading\">S\u00e9ance d &lsquo;accompagnement individuelle 35\u20ac<\/h3>\n<\/div>\n<\/div>\n\n\n\n<p>Pour les s\u00e9ances d&rsquo;accompagnement de clicker et de medical training je me d\u00e9place dans le Cantal, l&rsquo;Aveyron et la Corr\u00e8ze. Pour ces deux derniers d\u00e9partements, il sera peut-\u00eatre n\u00e9cessaire de grouper des s\u00e9ances selon la distance \u00e0 laquelle o\u00f9 vous \u00eates. <strong>Les frais de d\u00e9placement sont de 0,15\u20ac\/km au d\u00e9part de Vic-sur-C\u00e8re.<\/strong> <\/p>\n\n\n\n<div style=\"height:36px\" aria-hidden=\"true\" class=\"wp-block-spacer\"><\/div>\n\n\n\n<div class=\"wp-block-buttons is-content-justification-center is-layout-flex wp-container-core-buttons-is-layout-a89b3969 wp-block-buttons-is-layout-flex\">\n<div class=\"wp-block-button\"><a class=\"wp-block-button__link wp-element-button\" href=\"https:\/\/bulledeprairie.com\/index.php\/contact\/\">Prendre rendez-vous<\/a><\/div>\n<\/div>\n\n\n\n<div style=\"height:100px\" aria-hidden=\"true\" class=\"wp-block-spacer\"><\/div>\n","protected":false},"excerpt":{"rendered":"<p>Communication animale &#8211; Pour une meilleure compr\u00e9hension mutuelle La communication animale permet un v\u00e9ritable \u00e9change avec votre cheval et de comprendre ce qu&rsquo;il pense r\u00e9ellement. Je suis la messag\u00e8re entre lui et vous et je m&rsquo;efforce de transmettre un dialogue authentique. D\u00e9roulement d&rsquo;une communication animale : vous me transmettez tout ce que vous souhaitez dire [&hellip;]<\/p>\n","protected":false},"author":1,"featured_media":0,"parent":0,"menu_order":1,"comment_status":"closed","ping_status":"closed","template":"","meta":{"site-sidebar-layout":"default","site-content-layout":"","ast-site-content-layout":"default","site-content-style":"default","site-sidebar-style":"default","ast-global-header-display":"","ast-banner-title-visibility":"","ast-main-header-display":"","ast-hfb-above-header-display":"","ast-hfb-below-header-display":"","ast-hfb-mobile-header-display":"","site-post-title":"disabled","ast-breadcrumbs-content":"","ast-featured-img":"","footer-sml-layout":"","ast-disable-related-posts":"","theme-transparent-header-meta":"","adv-header-id-meta":"","stick-header-meta":"","header-above-stick-meta":"","header-main-stick-meta":"","header-below-stick-meta":"","astra-migrate-meta-layouts":"set","ast-page-background-enabled":"default","ast-page-background-meta":{"desktop":{"background-color":"var(--ast-global-color-4)","background-image":"","background-repeat":"repeat","background-position":"center center","background-size":"auto","background-attachment":"scroll","background-type":"","background-media":"","overlay-type":"","overlay-color":"","overlay-opacity":"","overlay-gradient":""},"tablet":{"background-color":"","background-image":"","background-repeat":"repeat","background-position":"center center","background-size":"auto","background-attachment":"scroll","background-type":"","background-media":"","overlay-type":"","overlay-color":"","overlay-opacity":"","overlay-gradient":""},"mobile":{"background-color":"","background-image":"","background-repeat":"repeat","background-position":"center center","background-size":"auto","background-attachment":"scroll","background-type":"","background-media":"","overlay-type":"","overlay-color":"","overlay-opacity":"","overlay-gradient":""}},"ast-content-background-meta":{"desktop":{"background-color":"var(--ast-global-color-5)","background-image":"","background-repeat":"repeat","background-position":"center center","background-size":"auto","background-attachment":"scroll","background-type":"","background-media":"","overlay-type":"","overlay-color":"","overlay-opacity":"","overlay-gradient":""},"tablet":{"background-color":"var(--ast-global-color-5)","background-image":"","background-repeat":"repeat","background-position":"center center","background-size":"auto","background-attachment":"scroll","background-type":"","background-media":"","overlay-type":"","overlay-color":"","overlay-opacity":"","overlay-gradient":""},"mobile":{"background-color":"var(--ast-global-color-5)","background-image":"","background-repeat":"repeat","background-position":"center center","background-size":"auto","background-attachment":"scroll","background-type":"","background-media":"","overlay-type":"","overlay-color":"","overlay-opacity":"","overlay-gradient":""}},"footnotes":""},"class_list":["post-2","page","type-page","status-publish","hentry"],"_links":{"self":[{"href":"https:\/\/bulledeprairie.com\/index.php\/wp-json\/wp\/v2\/pages\/2","targetHints":{"allow":["GET"]}}],"collection":[{"href":"https:\/\/bulledeprairie.com\/index.php\/wp-json\/wp\/v2\/pages"}],"about":[{"href":"https:\/\/bulledeprairie.com\/index.php\/wp-json\/wp\/v2\/types\/page"}],"author":[{"embeddable":true,"href":"https:\/\/bulledeprairie.com\/index.php\/wp-json\/wp\/v2\/users\/1"}],"replies":[{"embeddable":true,"href":"https:\/\/bulledeprairie.com\/index.php\/wp-json\/wp\/v2\/comments?post=2"}],"version-history":[{"count":77,"href":"https:\/\/bulledeprairie.com\/index.php\/wp-json\/wp\/v2\/pages\/2\/revisions"}],"predecessor-version":[{"id":402,"href":"https:\/\/bulledeprairie.com\/index.php\/wp-json\/wp\/v2\/pages\/2\/revisions\/402"}],"wp:attachment":[{"href":"https:\/\/bulledeprairie.com\/index.php\/wp-json\/wp\/v2\/media?parent=2"}],"curies":[{"name":"wp","href":"https:\/\/api.w.org\/{rel}","templated":true}]}}