{"id":10,"date":"2022-11-04T11:57:30","date_gmt":"2022-11-04T10:57:30","guid":{"rendered":"http:\/\/bulledeprairie.com\/?page_id=10"},"modified":"2023-03-29T16:26:22","modified_gmt":"2023-03-29T14:26:22","slug":"a-propos-de","status":"publish","type":"page","link":"https:\/\/bulledeprairie.com\/index.php\/a-propos-de\/","title":{"rendered":"Qui-suis je ?"},"content":{"rendered":"\n<div class=\"wp-block-cover alignfull\" style=\"min-height:207px;aspect-ratio:unset;\"><span aria-hidden=\"true\" class=\"wp-block-cover__background has-background-dim\"><\/span><img loading=\"lazy\" decoding=\"async\" width=\"1920\" height=\"1264\" class=\"wp-block-cover__image-background wp-image-191\" alt=\"\" src=\"https:\/\/bulledeprairie.com\/wp-content\/uploads\/2022\/11\/horse-g1f6683095_1920-1.jpg\" data-object-fit=\"cover\" srcset=\"https:\/\/bulledeprairie.com\/wp-content\/uploads\/2022\/11\/horse-g1f6683095_1920-1.jpg 1920w, https:\/\/bulledeprairie.com\/wp-content\/uploads\/2022\/11\/horse-g1f6683095_1920-1-300x198.jpg 300w, https:\/\/bulledeprairie.com\/wp-content\/uploads\/2022\/11\/horse-g1f6683095_1920-1-1024x674.jpg 1024w, https:\/\/bulledeprairie.com\/wp-content\/uploads\/2022\/11\/horse-g1f6683095_1920-1-768x506.jpg 768w, https:\/\/bulledeprairie.com\/wp-content\/uploads\/2022\/11\/horse-g1f6683095_1920-1-1536x1011.jpg 1536w\" sizes=\"auto, (max-width: 1920px) 100vw, 1920px\" \/><div class=\"wp-block-cover__inner-container is-layout-flow wp-block-cover-is-layout-flow\">\n<h1 class=\"has-text-align-center has-large-font-size wp-block-heading\"><strong>Qui suis-je ?<\/strong><\/h1>\n<\/div><\/div>\n\n\n\n<div style=\"height:55px\" aria-hidden=\"true\" class=\"wp-block-spacer\"><\/div>\n\n\n\n<div class=\"wp-block-media-text is-stacked-on-mobile\" style=\"grid-template-columns:39% auto\"><figure class=\"wp-block-media-text__media\"><img loading=\"lazy\" decoding=\"async\" width=\"773\" height=\"1024\" src=\"https:\/\/bulledeprairie.com\/wp-content\/uploads\/2022\/11\/Orik_5-2--773x1024.png\" alt=\"\" class=\"wp-image-174 size-full\" srcset=\"https:\/\/bulledeprairie.com\/wp-content\/uploads\/2022\/11\/Orik_5-2--773x1024.png 773w, https:\/\/bulledeprairie.com\/wp-content\/uploads\/2022\/11\/Orik_5-2--227x300.png 227w, https:\/\/bulledeprairie.com\/wp-content\/uploads\/2022\/11\/Orik_5-2--768x1017.png 768w, https:\/\/bulledeprairie.com\/wp-content\/uploads\/2022\/11\/Orik_5-2--1160x1536.png 1160w, https:\/\/bulledeprairie.com\/wp-content\/uploads\/2022\/11\/Orik_5-2-.png 1208w\" sizes=\"auto, (max-width: 773px) 100vw, 773px\" \/><\/figure><div class=\"wp-block-media-text__content\">\n<h2 class=\"wp-block-heading\"><strong>Pourquoi j &lsquo;ai cr\u00e9\u00e9 Bulle de prairie ? <\/strong><\/h2>\n\n\n\n<p>J&rsquo;ai toujours souhait\u00e9 aider les chevaux. Depuis toute petite je passe plus de temps \u00e0 prendre soin d&rsquo;eux qu&rsquo;\u00e0 les monter. Alors, il m&rsquo;a sembl\u00e9 naturel de leur permettre d&rsquo;\u00eatre \u00e9cout\u00e9s, respect\u00e9s, compris et, par cons\u00e9quent, de garantir leur bien-\u00eatre. Pour cela, il faut donner les cl\u00e9s aux personnes qui sont gardiennes d&rsquo;\u00e9quid\u00e9s afin que la communication inter-esp\u00e8ce se r\u00e9alise avec aisance. <\/p>\n\n\n\n<p>C&rsquo;est pourquoi je vous propose de vous transmettre les cl\u00e9s, les connaissances mais aussi tout ce que les chevaux m&rsquo;ont appris pour vous aider \u00e0 \u00eatre en symbiose avec votre cheval. <\/p>\n<\/div><\/div>\n\n\n\n<div style=\"height:78px\" aria-hidden=\"true\" class=\"wp-block-spacer\"><\/div>\n\n\n\n<div class=\"wp-block-media-text has-media-on-the-right is-stacked-on-mobile\"><div class=\"wp-block-media-text__content\">\n<h2 class=\"has-text-align-center wp-block-heading\"><strong>Qui est Elsa Pailloux, fondatrice de Bulle de prairie ? <\/strong><\/h2>\n\n\n\n<p>Passionn\u00e9e par les chevaux depuis toute petite, je suis la gardienne d&rsquo;Orik, ce bel alezan, qui m&rsquo;a permis de cr\u00e9er Bulle de prairie. En effet, il est un vrai guide. Il m&rsquo;a permis de d\u00e9couvrir la communication animale et tout s&rsquo;est ensuite encha\u00een\u00e9. Il m&rsquo;a aussi permis de faire de merveilleuses rencontres qui m&rsquo;ont accompagn\u00e9e vers mon r\u00eave : apporter un grand bien-\u00eatre aux chevaux. C&rsquo;est ainsi que je me suis form\u00e9e \u00e0 la communication animale, au soutien \u00e9nerg\u00e9tique et au comportementalisme \u00e9quin. Ainsi, je souhaite aider de nombreux couples humain\/\u00e9quid\u00e9. <\/p>\n\n\n\n<p>Mes valeurs qui me portent pour accomplir ce r\u00eave sont : l&rsquo;\u00e9coute, le respect et l&rsquo;amour des chevaux. <\/p>\n\n\n\n<p><\/p>\n<\/div><figure class=\"wp-block-media-text__media\"><img loading=\"lazy\" decoding=\"async\" width=\"768\" height=\"1024\" src=\"https:\/\/bulledeprairie.com\/wp-content\/uploads\/2022\/11\/Photo-avec-Orik-1-768x1024.jpg\" alt=\"\" class=\"wp-image-176 size-full\" srcset=\"https:\/\/bulledeprairie.com\/wp-content\/uploads\/2022\/11\/Photo-avec-Orik-1-768x1024.jpg 768w, https:\/\/bulledeprairie.com\/wp-content\/uploads\/2022\/11\/Photo-avec-Orik-1-225x300.jpg 225w, https:\/\/bulledeprairie.com\/wp-content\/uploads\/2022\/11\/Photo-avec-Orik-1-1152x1536.jpg 1152w, https:\/\/bulledeprairie.com\/wp-content\/uploads\/2022\/11\/Photo-avec-Orik-1-1536x2048.jpg 1536w, https:\/\/bulledeprairie.com\/wp-content\/uploads\/2022\/11\/Photo-avec-Orik-1-scaled.jpg 1920w\" sizes=\"auto, (max-width: 768px) 100vw, 768px\" \/><\/figure><\/div>\n","protected":false},"excerpt":{"rendered":"<p>Pourquoi j &lsquo;ai cr\u00e9\u00e9 Bulle de prairie ? J&rsquo;ai toujours souhait\u00e9 aider les chevaux. Depuis toute petite je passe plus de temps \u00e0 prendre soin d&rsquo;eux qu&rsquo;\u00e0 les monter. Alors, il m&rsquo;a sembl\u00e9 naturel de leur permettre d&rsquo;\u00eatre \u00e9cout\u00e9s, respect\u00e9s, compris et, par cons\u00e9quent, de garantir leur bien-\u00eatre. Pour cela, il faut donner les cl\u00e9s [&hellip;]<\/p>\n","protected":false},"author":1,"featured_media":0,"parent":0,"menu_order":2,"comment_status":"closed","ping_status":"closed","template":"","meta":{"site-sidebar-layout":"default","site-content-layout":"","ast-site-content-layout":"default","site-content-style":"default","site-sidebar-style":"default","ast-global-header-display":"","ast-banner-title-visibility":"","ast-main-header-display":"","ast-hfb-above-header-display":"","ast-hfb-below-header-display":"","ast-hfb-mobile-header-display":"","site-post-title":"disabled","ast-breadcrumbs-content":"","ast-featured-img":"","footer-sml-layout":"","ast-disable-related-posts":"","theme-transparent-header-meta":"","adv-header-id-meta":"","stick-header-meta":"","header-above-stick-meta":"","header-main-stick-meta":"","header-below-stick-meta":"","astra-migrate-meta-layouts":"default","ast-page-background-enabled":"default","ast-page-background-meta":{"desktop":{"background-color":"var(--ast-global-color-4)","background-image":"","background-repeat":"repeat","background-position":"center center","background-size":"auto","background-attachment":"scroll","background-type":"","background-media":"","overlay-type":"","overlay-color":"","overlay-opacity":"","overlay-gradient":""},"tablet":{"background-color":"","background-image":"","background-repeat":"repeat","background-position":"center center","background-size":"auto","background-attachment":"scroll","background-type":"","background-media":"","overlay-type":"","overlay-color":"","overlay-opacity":"","overlay-gradient":""},"mobile":{"background-color":"","background-image":"","background-repeat":"repeat","background-position":"center center","background-size":"auto","background-attachment":"scroll","background-type":"","background-media":"","overlay-type":"","overlay-color":"","overlay-opacity":"","overlay-gradient":""}},"ast-content-background-meta":{"desktop":{"background-color":"var(--ast-global-color-5)","background-image":"","background-repeat":"repeat","background-position":"center center","background-size":"auto","background-attachment":"scroll","background-type":"","background-media":"","overlay-type":"","overlay-color":"","overlay-opacity":"","overlay-gradient":""},"tablet":{"background-color":"var(--ast-global-color-5)","background-image":"","background-repeat":"repeat","background-position":"center center","background-size":"auto","background-attachment":"scroll","background-type":"","background-media":"","overlay-type":"","overlay-color":"","overlay-opacity":"","overlay-gradient":""},"mobile":{"background-color":"var(--ast-global-color-5)","background-image":"","background-repeat":"repeat","background-position":"center center","background-size":"auto","background-attachment":"scroll","background-type":"","background-media":"","overlay-type":"","overlay-color":"","overlay-opacity":"","overlay-gradient":""}},"footnotes":""},"class_list":["post-10","page","type-page","status-publish","hentry"],"_links":{"self":[{"href":"https:\/\/bulledeprairie.com\/index.php\/wp-json\/wp\/v2\/pages\/10","targetHints":{"allow":["GET"]}}],"collection":[{"href":"https:\/\/bulledeprairie.com\/index.php\/wp-json\/wp\/v2\/pages"}],"about":[{"href":"https:\/\/bulledeprairie.com\/index.php\/wp-json\/wp\/v2\/types\/page"}],"author":[{"embeddable":true,"href":"https:\/\/bulledeprairie.com\/index.php\/wp-json\/wp\/v2\/users\/1"}],"replies":[{"embeddable":true,"href":"https:\/\/bulledeprairie.com\/index.php\/wp-json\/wp\/v2\/comments?post=10"}],"version-history":[{"count":17,"href":"https:\/\/bulledeprairie.com\/index.php\/wp-json\/wp\/v2\/pages\/10\/revisions"}],"predecessor-version":[{"id":269,"href":"https:\/\/bulledeprairie.com\/index.php\/wp-json\/wp\/v2\/pages\/10\/revisions\/269"}],"wp:attachment":[{"href":"https:\/\/bulledeprairie.com\/index.php\/wp-json\/wp\/v2\/media?parent=10"}],"curies":[{"name":"wp","href":"https:\/\/api.w.org\/{rel}","templated":true}]}}